{"id":127,"date":"2022-04-14T14:34:02","date_gmt":"2022-04-14T14:34:02","guid":{"rendered":"https:\/\/peluqueriamariajose.com\/?page_id=127"},"modified":"2022-09-22T07:42:17","modified_gmt":"2022-09-22T07:42:17","slug":"gallery","status":"publish","type":"page","link":"https:\/\/peluqueriamariajose.com\/index.php\/gallery\/","title":{"rendered":"Galer\u00eda"},"content":{"rendered":"\t\t<div data-elementor-type=\"wp-page\" data-elementor-id=\"127\" class=\"elementor elementor-127\">\n\t\t\t\t\t\t<section class=\"elementor-section elementor-top-section elementor-element elementor-element-2402fc90 elementor-section-boxed elementor-section-height-default elementor-section-height-default\" data-id=\"2402fc90\" data-element_type=\"section\" data-e-type=\"section\">\n\t\t\t\t\t\t<div class=\"elementor-container elementor-column-gap-default\">\n\t\t\t\t\t<div class=\"elementor-column elementor-col-100 elementor-top-column elementor-element elementor-element-5cb1a201\" data-id=\"5cb1a201\" data-element_type=\"column\" data-e-type=\"column\">\n\t\t\t<div class=\"elementor-widget-wrap elementor-element-populated\">\n\t\t\t\t\t\t<div class=\"elementor-element elementor-element-295e069c elementor-widget elementor-widget-text-editor\" data-id=\"295e069c\" data-element_type=\"widget\" data-e-type=\"widget\" data-widget_type=\"text-editor.default\">\n\t\t\t\t<div class=\"elementor-widget-container\">\n\t\t\t\t\t\t\t\t\t\n<p class=\"has-text-align-center\">Aqu\u00ed podr\u00e1s ver algunos de nuestros trabajos para que encuentres la inspiraci\u00f3n que necesitas<\/p>\n\n<p class=\"has-text-align-center\">\u00a1Descubre m\u00e1s en nuestras redes sociales!<\/p>\n\n<p>\u00a0<\/p>\n\t\t\t\t\t\t\t\t<\/div>\n\t\t\t\t<\/div>\n\t\t\t\t<div class=\"elementor-element elementor-element-d6aa102 elementor-widget elementor-widget-wpzoom-elementor-addons-carousel\" data-id=\"d6aa102\" data-element_type=\"widget\" data-e-type=\"widget\" data-settings=\"{&quot;animation_speed&quot;:300,&quot;autoplay&quot;:&quot;yes&quot;,&quot;autoplay_speed&quot;:3000,&quot;loop&quot;:&quot;yes&quot;,&quot;navigation&quot;:&quot;arrow&quot;,&quot;slides_to_show&quot;:4,&quot;slides_to_show_tablet&quot;:3,&quot;slides_to_show_mobile&quot;:2}\" data-widget_type=\"wpzoom-elementor-addons-carousel.default\">\n\t\t\t\t<div class=\"elementor-widget-container\">\n\t\t\t\t\t<div class=\"wpzjs-slick wpz-slick wpz-slick--carousel\">\n\n\t\t\t\n\t\t\t\t<div class=\"wpz-slick-slide\">\n\t\t\t\t\t<div class=\"wpz-slick-item\">\n\t\t\t\t\t\t\t\t\t\t\t\t\t<img decoding=\"async\" class=\"wpz-slick-img\" src=\"https:\/\/peluqueriamariajose.com\/wp-content\/uploads\/2022\/04\/IMG_5267-edited-768x907.jpeg\" alt=\"Melena rizada\">\n\t\t\t\t\t\t\n\t\t\t\t\t\t\t\t\t\t\t<\/div>\n\t\t\t\t<\/div>\n\n\t\t\t\n\t\t\t\t<div class=\"wpz-slick-slide\">\n\t\t\t\t\t<div class=\"wpz-slick-item\">\n\t\t\t\t\t\t\t\t\t\t\t\t\t<img decoding=\"async\" class=\"wpz-slick-img\" src=\"https:\/\/peluqueriamariajose.com\/wp-content\/uploads\/2022\/04\/6FD749C6-471D-49A5-BCC7-547CEC45399F-768x1153.jpeg\" alt=\"Ondas al agua\">\n\t\t\t\t\t\t\n\t\t\t\t\t\t\t\t\t\t\t<\/div>\n\t\t\t\t<\/div>\n\n\t\t\t\n\t\t\t\t<div class=\"wpz-slick-slide\">\n\t\t\t\t\t<div class=\"wpz-slick-item\">\n\t\t\t\t\t\t\t\t\t\t\t\t\t<img decoding=\"async\" class=\"wpz-slick-img\" src=\"https:\/\/peluqueriamariajose.com\/wp-content\/uploads\/2022\/04\/6A0BC42E-21F5-4ED2-9CA2-F357604957D2-768x1152.jpeg\" alt=\"Semi Recogido Alto\">\n\t\t\t\t\t\t\n\t\t\t\t\t\t\t\t\t\t\t<\/div>\n\t\t\t\t<\/div>\n\n\t\t\t\n\t\t\t\t<div class=\"wpz-slick-slide\">\n\t\t\t\t\t<div class=\"wpz-slick-item\">\n\t\t\t\t\t\t\t\t\t\t\t\t\t<img decoding=\"async\" class=\"wpz-slick-img\" src=\"https:\/\/peluqueriamariajose.com\/wp-content\/uploads\/2022\/04\/IMG_8481-2-768x890.jpeg\" alt=\"recogido bando de la huerta\">\n\t\t\t\t\t\t\n\t\t\t\t\t\t\t\t\t\t\t<\/div>\n\t\t\t\t<\/div>\n\n\t\t\t\n\t\t\t\t<div class=\"wpz-slick-slide\">\n\t\t\t\t\t<div class=\"wpz-slick-item\">\n\t\t\t\t\t\t\t\t\t\t\t\t\t<img decoding=\"async\" class=\"wpz-slick-img\" src=\"https:\/\/peluqueriamariajose.com\/wp-content\/uploads\/2022\/04\/IMG_8506-1-768x951.jpeg\" alt=\"recogido trenzado\">\n\t\t\t\t\t\t\n\t\t\t\t\t\t\t\t\t\t\t<\/div>\n\t\t\t\t<\/div>\n\n\t\t\t\n\t\t\t\t<div class=\"wpz-slick-slide\">\n\t\t\t\t\t<div class=\"wpz-slick-item\">\n\t\t\t\t\t\t\t\t\t\t\t\t\t<img decoding=\"async\" class=\"wpz-slick-img\" src=\"https:\/\/peluqueriamariajose.com\/wp-content\/uploads\/2022\/04\/IMG_8491-1-768x993.jpeg\" alt=\"\">\n\t\t\t\t\t\t\n\t\t\t\t\t\t\t\t\t\t\t<\/div>\n\t\t\t\t<\/div>\n\n\t\t\t\n\t\t\t\t<div class=\"wpz-slick-slide\">\n\t\t\t\t\t<div class=\"wpz-slick-item\">\n\t\t\t\t\t\t\t\t\t\t\t\t\t<img decoding=\"async\" class=\"wpz-slick-img\" src=\"https:\/\/peluqueriamariajose.com\/wp-content\/uploads\/2022\/09\/68DDC9B3-EF7D-4A2F-9120-79CCD20F5EF7.jpeg\" alt=\"Recogido Coleta Baja\">\n\t\t\t\t\t\t\n\t\t\t\t\t\t\t\t\t\t\t<\/div>\n\t\t\t\t<\/div>\n\n\t\t\t\n\t\t\t\t<div class=\"wpz-slick-slide\">\n\t\t\t\t\t<div class=\"wpz-slick-item\">\n\t\t\t\t\t\t\t\t\t\t\t\t\t<img decoding=\"async\" class=\"wpz-slick-img\" src=\"https:\/\/peluqueriamariajose.com\/wp-content\/uploads\/2022\/09\/4BAA064F-6AEC-4C00-9258-A196477C26DC.jpeg\" alt=\"Recogido Coleta Baja\">\n\t\t\t\t\t\t\n\t\t\t\t\t\t\t\t\t\t\t<\/div>\n\t\t\t\t<\/div>\n\n\t\t\t\n\t\t<\/div>\n\n\t\t\t\t\t<button type=\"button\" class=\"slick-prev\"><svg aria-hidden=\"true\" class=\"e-font-icon-svg e-fas-chevron-left\" viewBox=\"0 0 320 512\" xmlns=\"http:\/\/www.w3.org\/2000\/svg\"><path d=\"M34.52 239.03L228.87 44.69c9.37-9.37 24.57-9.37 33.94 0l22.67 22.67c9.36 9.36 9.37 24.52.04 33.9L131.49 256l154.02 154.75c9.34 9.38 9.32 24.54-.04 33.9l-22.67 22.67c-9.37 9.37-24.57 9.37-33.94 0L34.52 272.97c-9.37-9.37-9.37-24.57 0-33.94z\"><\/path><\/svg><\/button>\n\t\t\n\t\t\t\t\t<button type=\"button\" class=\"slick-next\"><svg aria-hidden=\"true\" class=\"e-font-icon-svg e-fas-chevron-right\" viewBox=\"0 0 320 512\" xmlns=\"http:\/\/www.w3.org\/2000\/svg\"><path d=\"M285.476 272.971L91.132 467.314c-9.373 9.373-24.569 9.373-33.941 0l-22.667-22.667c-9.357-9.357-9.375-24.522-.04-33.901L188.505 256 34.484 101.255c-9.335-9.379-9.317-24.544.04-33.901l22.667-22.667c9.373-9.373 24.569-9.373 33.941 0L285.475 239.03c9.373 9.372 9.373 24.568.001 33.941z\"><\/path><\/svg><\/button>\n\t\t\n\t\t\t\t\t\t<\/div>\n\t\t\t\t<\/div>\n\t\t\t\t\t<\/div>\n\t\t<\/div>\n\t\t\t\t\t<\/div>\n\t\t<\/section>\n\t\t\t\t<\/div>\n\t\t","protected":false},"excerpt":{"rendered":"<p>Aqu\u00ed podr\u00e1s ver algunos de nuestros trabajos para que encuentres la inspiraci\u00f3n que necesitas \u00a1Descubre m\u00e1s en nuestras redes sociales! \u00a0<\/p>\n","protected":false},"author":1,"featured_media":0,"parent":0,"menu_order":0,"comment_status":"closed","ping_status":"closed","template":"","meta":{"_uf_show_specific_survey":0,"_uf_disable_surveys":false,"_background_id":0,"_xo_background":[],"_joinchat":[],"footnotes":""},"class_list":["post-127","page","type-page","status-publish","hentry"],"yoast_head":"<!-- This site is optimized with the Yoast SEO plugin v24.2 - https:\/\/yoast.com\/wordpress\/plugins\/seo\/ -->\n<title>Galer\u00eda - M\u00aaJos\u00e9 S\u00e1nchez Peluquer\u00eda y Est\u00e9tica<\/title>\n<meta name=\"robots\" content=\"index, follow, max-snippet:-1, max-image-preview:large, max-video-preview:-1\" \/>\n<link rel=\"canonical\" href=\"https:\/\/peluqueriamariajose.com\/index.php\/gallery\/\" \/>\n<meta property=\"og:locale\" content=\"es_ES\" \/>\n<meta property=\"og:type\" content=\"article\" \/>\n<meta property=\"og:title\" content=\"Galer\u00eda - M\u00aaJos\u00e9 S\u00e1nchez Peluquer\u00eda y Est\u00e9tica\" \/>\n<meta property=\"og:description\" content=\"Aqu\u00ed podr\u00e1s ver algunos de nuestros trabajos para que encuentres la inspiraci\u00f3n que necesitas \u00a1Descubre m\u00e1s en nuestras redes sociales! \u00a0\" \/>\n<meta property=\"og:url\" content=\"https:\/\/peluqueriamariajose.com\/index.php\/gallery\/\" \/>\n<meta property=\"og:site_name\" content=\"M\u00aaJos\u00e9 S\u00e1nchez Peluquer\u00eda y Est\u00e9tica\" \/>\n<meta property=\"article:publisher\" content=\"https:\/\/www.facebook.com\/peluqueriamariajosesanchez\/?locale=es_ES\" \/>\n<meta property=\"article:modified_time\" content=\"2022-09-22T07:42:17+00:00\" \/>\n<meta property=\"og:image\" content=\"https:\/\/peluqueriamariajose.com\/wp-content\/uploads\/2022\/04\/IMG_5267-edited-768x907.jpeg\" \/>\n<meta name=\"twitter:card\" content=\"summary_large_image\" \/>\n<script type=\"application\/ld+json\" class=\"yoast-schema-graph\">{\"@context\":\"https:\/\/schema.org\",\"@graph\":[{\"@type\":\"WebPage\",\"@id\":\"https:\/\/peluqueriamariajose.com\/index.php\/gallery\/\",\"url\":\"https:\/\/peluqueriamariajose.com\/index.php\/gallery\/\",\"name\":\"Galer\u00eda - M\u00aaJos\u00e9 S\u00e1nchez Peluquer\u00eda y Est\u00e9tica\",\"isPartOf\":{\"@id\":\"https:\/\/peluqueriamariajose.com\/#website\"},\"primaryImageOfPage\":{\"@id\":\"https:\/\/peluqueriamariajose.com\/index.php\/gallery\/#primaryimage\"},\"image\":{\"@id\":\"https:\/\/peluqueriamariajose.com\/index.php\/gallery\/#primaryimage\"},\"thumbnailUrl\":\"https:\/\/peluqueriamariajose.com\/wp-content\/uploads\/2022\/04\/IMG_5267-edited-768x907.jpeg\",\"datePublished\":\"2022-04-14T14:34:02+00:00\",\"dateModified\":\"2022-09-22T07:42:17+00:00\",\"breadcrumb\":{\"@id\":\"https:\/\/peluqueriamariajose.com\/index.php\/gallery\/#breadcrumb\"},\"inLanguage\":\"es\",\"potentialAction\":[{\"@type\":\"ReadAction\",\"target\":[\"https:\/\/peluqueriamariajose.com\/index.php\/gallery\/\"]}]},{\"@type\":\"ImageObject\",\"inLanguage\":\"es\",\"@id\":\"https:\/\/peluqueriamariajose.com\/index.php\/gallery\/#primaryimage\",\"url\":\"https:\/\/peluqueriamariajose.com\/wp-content\/uploads\/2022\/04\/IMG_5267-edited-768x907.jpeg\",\"contentUrl\":\"https:\/\/peluqueriamariajose.com\/wp-content\/uploads\/2022\/04\/IMG_5267-edited-768x907.jpeg\"},{\"@type\":\"BreadcrumbList\",\"@id\":\"https:\/\/peluqueriamariajose.com\/index.php\/gallery\/#breadcrumb\",\"itemListElement\":[{\"@type\":\"ListItem\",\"position\":1,\"name\":\"Portada\",\"item\":\"https:\/\/peluqueriamariajose.com\/\"},{\"@type\":\"ListItem\",\"position\":2,\"name\":\"Galer\u00eda\"}]},{\"@type\":\"WebSite\",\"@id\":\"https:\/\/peluqueriamariajose.com\/#website\",\"url\":\"https:\/\/peluqueriamariajose.com\/\",\"name\":\"M\u00aaJos\u00e9 S\u00e1nchez Peluquer\u00eda y Est\u00e9tica\",\"description\":\"Sal\u00f3n de peluquer\u00eda y est\u00e9tica en Murcia\",\"publisher\":{\"@id\":\"https:\/\/peluqueriamariajose.com\/#organization\"},\"potentialAction\":[{\"@type\":\"SearchAction\",\"target\":{\"@type\":\"EntryPoint\",\"urlTemplate\":\"https:\/\/peluqueriamariajose.com\/?s={search_term_string}\"},\"query-input\":{\"@type\":\"PropertyValueSpecification\",\"valueRequired\":true,\"valueName\":\"search_term_string\"}}],\"inLanguage\":\"es\"},{\"@type\":\"Organization\",\"@id\":\"https:\/\/peluqueriamariajose.com\/#organization\",\"name\":\"M\u00aaJos\u00e9 S\u00e1nchez Peluquer\u00eda y Est\u00e9tica\",\"url\":\"https:\/\/peluqueriamariajose.com\/\",\"logo\":{\"@type\":\"ImageObject\",\"inLanguage\":\"es\",\"@id\":\"https:\/\/peluqueriamariajose.com\/#\/schema\/logo\/image\/\",\"url\":\"https:\/\/peluqueriamariajose.com\/wp-content\/uploads\/2022\/04\/cropped-Logo1-3.png\",\"contentUrl\":\"https:\/\/peluqueriamariajose.com\/wp-content\/uploads\/2022\/04\/cropped-Logo1-3.png\",\"width\":1279,\"height\":371,\"caption\":\"M\u00aaJos\u00e9 S\u00e1nchez Peluquer\u00eda y Est\u00e9tica\"},\"image\":{\"@id\":\"https:\/\/peluqueriamariajose.com\/#\/schema\/logo\/image\/\"},\"sameAs\":[\"https:\/\/www.facebook.com\/peluqueriamariajosesanchez\/?locale=es_ES\",\"https:\/\/www.instagram.com\/peluqueriamariajosesanchez\/\"]}]}<\/script>\n<!-- \/ Yoast SEO plugin. -->","yoast_head_json":{"title":"Galer\u00eda - M\u00aaJos\u00e9 S\u00e1nchez Peluquer\u00eda y Est\u00e9tica","robots":{"index":"index","follow":"follow","max-snippet":"max-snippet:-1","max-image-preview":"max-image-preview:large","max-video-preview":"max-video-preview:-1"},"canonical":"https:\/\/peluqueriamariajose.com\/index.php\/gallery\/","og_locale":"es_ES","og_type":"article","og_title":"Galer\u00eda - M\u00aaJos\u00e9 S\u00e1nchez Peluquer\u00eda y Est\u00e9tica","og_description":"Aqu\u00ed podr\u00e1s ver algunos de nuestros trabajos para que encuentres la inspiraci\u00f3n que necesitas \u00a1Descubre m\u00e1s en nuestras redes sociales! \u00a0","og_url":"https:\/\/peluqueriamariajose.com\/index.php\/gallery\/","og_site_name":"M\u00aaJos\u00e9 S\u00e1nchez Peluquer\u00eda y Est\u00e9tica","article_publisher":"https:\/\/www.facebook.com\/peluqueriamariajosesanchez\/?locale=es_ES","article_modified_time":"2022-09-22T07:42:17+00:00","og_image":[{"url":"https:\/\/peluqueriamariajose.com\/wp-content\/uploads\/2022\/04\/IMG_5267-edited-768x907.jpeg","type":"","width":"","height":""}],"twitter_card":"summary_large_image","schema":{"@context":"https:\/\/schema.org","@graph":[{"@type":"WebPage","@id":"https:\/\/peluqueriamariajose.com\/index.php\/gallery\/","url":"https:\/\/peluqueriamariajose.com\/index.php\/gallery\/","name":"Galer\u00eda - M\u00aaJos\u00e9 S\u00e1nchez Peluquer\u00eda y Est\u00e9tica","isPartOf":{"@id":"https:\/\/peluqueriamariajose.com\/#website"},"primaryImageOfPage":{"@id":"https:\/\/peluqueriamariajose.com\/index.php\/gallery\/#primaryimage"},"image":{"@id":"https:\/\/peluqueriamariajose.com\/index.php\/gallery\/#primaryimage"},"thumbnailUrl":"https:\/\/peluqueriamariajose.com\/wp-content\/uploads\/2022\/04\/IMG_5267-edited-768x907.jpeg","datePublished":"2022-04-14T14:34:02+00:00","dateModified":"2022-09-22T07:42:17+00:00","breadcrumb":{"@id":"https:\/\/peluqueriamariajose.com\/index.php\/gallery\/#breadcrumb"},"inLanguage":"es","potentialAction":[{"@type":"ReadAction","target":["https:\/\/peluqueriamariajose.com\/index.php\/gallery\/"]}]},{"@type":"ImageObject","inLanguage":"es","@id":"https:\/\/peluqueriamariajose.com\/index.php\/gallery\/#primaryimage","url":"https:\/\/peluqueriamariajose.com\/wp-content\/uploads\/2022\/04\/IMG_5267-edited-768x907.jpeg","contentUrl":"https:\/\/peluqueriamariajose.com\/wp-content\/uploads\/2022\/04\/IMG_5267-edited-768x907.jpeg"},{"@type":"BreadcrumbList","@id":"https:\/\/peluqueriamariajose.com\/index.php\/gallery\/#breadcrumb","itemListElement":[{"@type":"ListItem","position":1,"name":"Portada","item":"https:\/\/peluqueriamariajose.com\/"},{"@type":"ListItem","position":2,"name":"Galer\u00eda"}]},{"@type":"WebSite","@id":"https:\/\/peluqueriamariajose.com\/#website","url":"https:\/\/peluqueriamariajose.com\/","name":"M\u00aaJos\u00e9 S\u00e1nchez Peluquer\u00eda y Est\u00e9tica","description":"Sal\u00f3n de peluquer\u00eda y est\u00e9tica en Murcia","publisher":{"@id":"https:\/\/peluqueriamariajose.com\/#organization"},"potentialAction":[{"@type":"SearchAction","target":{"@type":"EntryPoint","urlTemplate":"https:\/\/peluqueriamariajose.com\/?s={search_term_string}"},"query-input":{"@type":"PropertyValueSpecification","valueRequired":true,"valueName":"search_term_string"}}],"inLanguage":"es"},{"@type":"Organization","@id":"https:\/\/peluqueriamariajose.com\/#organization","name":"M\u00aaJos\u00e9 S\u00e1nchez Peluquer\u00eda y Est\u00e9tica","url":"https:\/\/peluqueriamariajose.com\/","logo":{"@type":"ImageObject","inLanguage":"es","@id":"https:\/\/peluqueriamariajose.com\/#\/schema\/logo\/image\/","url":"https:\/\/peluqueriamariajose.com\/wp-content\/uploads\/2022\/04\/cropped-Logo1-3.png","contentUrl":"https:\/\/peluqueriamariajose.com\/wp-content\/uploads\/2022\/04\/cropped-Logo1-3.png","width":1279,"height":371,"caption":"M\u00aaJos\u00e9 S\u00e1nchez Peluquer\u00eda y Est\u00e9tica"},"image":{"@id":"https:\/\/peluqueriamariajose.com\/#\/schema\/logo\/image\/"},"sameAs":["https:\/\/www.facebook.com\/peluqueriamariajosesanchez\/?locale=es_ES","https:\/\/www.instagram.com\/peluqueriamariajosesanchez\/"]}]}},"featured_media_urls":[],"_links":{"self":[{"href":"https:\/\/peluqueriamariajose.com\/index.php\/wp-json\/wp\/v2\/pages\/127","targetHints":{"allow":["GET"]}}],"collection":[{"href":"https:\/\/peluqueriamariajose.com\/index.php\/wp-json\/wp\/v2\/pages"}],"about":[{"href":"https:\/\/peluqueriamariajose.com\/index.php\/wp-json\/wp\/v2\/types\/page"}],"author":[{"embeddable":true,"href":"https:\/\/peluqueriamariajose.com\/index.php\/wp-json\/wp\/v2\/users\/1"}],"replies":[{"embeddable":true,"href":"https:\/\/peluqueriamariajose.com\/index.php\/wp-json\/wp\/v2\/comments?post=127"}],"version-history":[{"count":25,"href":"https:\/\/peluqueriamariajose.com\/index.php\/wp-json\/wp\/v2\/pages\/127\/revisions"}],"predecessor-version":[{"id":470,"href":"https:\/\/peluqueriamariajose.com\/index.php\/wp-json\/wp\/v2\/pages\/127\/revisions\/470"}],"wp:attachment":[{"href":"https:\/\/peluqueriamariajose.com\/index.php\/wp-json\/wp\/v2\/media?parent=127"}],"curies":[{"name":"wp","href":"https:\/\/api.w.org\/{rel}","templated":true}]}}