{"id":14,"date":"2022-04-13T08:48:37","date_gmt":"2022-04-13T08:48:37","guid":{"rendered":"https:\/\/peluqueriamariajose.com\/?page_id=14"},"modified":"2025-02-07T16:32:12","modified_gmt":"2025-02-07T16:32:12","slug":"sobre-nosotras","status":"publish","type":"page","link":"https:\/\/peluqueriamariajose.com\/index.php\/sobre-nosotras\/","title":{"rendered":"Sobre Nosotras"},"content":{"rendered":"\t\t<div data-elementor-type=\"wp-page\" data-elementor-id=\"14\" class=\"elementor elementor-14\">\n\t\t\t\t<div class=\"elementor-element elementor-element-7d29da78 e-flex e-con-boxed e-con e-parent\" data-id=\"7d29da78\" data-element_type=\"container\" data-e-type=\"container\">\n\t\t\t\t\t<div class=\"e-con-inner\">\n\t\t\t\t<div class=\"elementor-element elementor-element-33f23aed elementor-widget elementor-widget-text-editor\" data-id=\"33f23aed\" data-element_type=\"widget\" data-e-type=\"widget\" data-widget_type=\"text-editor.default\">\n\t\t\t\t<div class=\"elementor-widget-container\">\n\t\t\t\t\t\t\t\t\t\n<div class=\"wp-block-group is-nowrap is-layout-flex wp-container-core-group-is-layout-2 wp-block-group-is-layout-flex\">\n<div class=\"wp-block-media-text is-stacked-on-mobile\" style=\"grid-template-columns: 39% auto;\">\n<figure class=\"wp-block-media-text__media\"><img fetchpriority=\"high\" decoding=\"async\" class=\"alignnone wp-image-651 size-full\" src=\"https:\/\/peluqueriamariajose.com\/wp-content\/uploads\/2024\/02\/1CE289E9-992F-4BDC-9B25-34503FEDD420-scaled.jpeg\" alt=\"sobre_nosotras\" width=\"2560\" height=\"1706\" srcset=\"https:\/\/peluqueriamariajose.com\/wp-content\/uploads\/2024\/02\/1CE289E9-992F-4BDC-9B25-34503FEDD420-scaled.jpeg 2560w, https:\/\/peluqueriamariajose.com\/wp-content\/uploads\/2024\/02\/1CE289E9-992F-4BDC-9B25-34503FEDD420-300x200.jpeg 300w, https:\/\/peluqueriamariajose.com\/wp-content\/uploads\/2024\/02\/1CE289E9-992F-4BDC-9B25-34503FEDD420-1024x683.jpeg 1024w, https:\/\/peluqueriamariajose.com\/wp-content\/uploads\/2024\/02\/1CE289E9-992F-4BDC-9B25-34503FEDD420-2000x1333.jpeg 2000w, https:\/\/peluqueriamariajose.com\/wp-content\/uploads\/2024\/02\/1CE289E9-992F-4BDC-9B25-34503FEDD420-scaled-600x400.jpeg 600w, https:\/\/peluqueriamariajose.com\/wp-content\/uploads\/2024\/02\/1CE289E9-992F-4BDC-9B25-34503FEDD420-scaled-1200x800.jpeg 1200w, https:\/\/peluqueriamariajose.com\/wp-content\/uploads\/2024\/02\/1CE289E9-992F-4BDC-9B25-34503FEDD420-scaled-1536x1024.jpeg 1536w, https:\/\/peluqueriamariajose.com\/wp-content\/uploads\/2024\/02\/1CE289E9-992F-4BDC-9B25-34503FEDD420-scaled-2048x1365.jpeg 2048w\" sizes=\"(max-width: 2560px) 100vw, 2560px\" \/><\/figure>\n<div class=\"wp-block-media-text__content\">\n<p>En\u00a0<strong>Peluquer\u00eda M\u00aa Jos\u00e9<\/strong>\u00a0llevamos a\u00f1os dedic\u00e1ndonos a resaltar la belleza \u00fanica de cada cliente. Somos m\u00e1s que un sal\u00f3n de peluquer\u00eda: somos un espacio donde la creatividad, el profesionalismo y el cuidado personalizado convergen para ofrecerte una experiencia excepcional. \u00a1Conoce m\u00e1s sobre nosotras!<\/p>\n\n<p>Nuestro equipo est\u00e1 compuesto por estilistas apasionadas que se mantienen siempre a la vanguardia de las \u00faltimas tendencias y t\u00e9cnicas. Con productos de alta calidad como\u00a0<strong><a href=\"https:\/\/www.lorealprofessionnel.es\/\">L\u2019Or\u00e9al Professionnel<\/a><\/strong>, garantizamos resultados que no solo embellecen, sino que tambi\u00e9n cuidan tu cabello y tu piel.<\/p>\n<\/div>\n<\/div>\n<\/div>\n\n<p>\u00a0<\/p>\n\n<h2 class=\"wp-block-heading\"><strong>\u00bfQu\u00e9 nos hace diferentes?<\/strong><\/h2>\n\n<ol class=\"wp-block-list\">\n<li><strong>Atenci\u00f3n personalizada:<\/strong>\u00a0Cada cliente es \u00fanico, y adaptamos nuestros servicios a tus necesidades y estilo.<\/li>\n\n<li><strong>T\u00e9cnicas avanzadas:<\/strong>\u00a0Desde coloraciones profesionales hasta tratamientos capilares de \u00faltima generaci\u00f3n.<\/li>\n\n<li><strong>Pasi\u00f3n por lo que hacemos:<\/strong>\u00a0Transformar tu estilo es nuestra misi\u00f3n y nuestra inspiraci\u00f3n.<\/li>\n\n<li><strong>Un espacio para ti:<\/strong>\u00a0Nuestra peluquer\u00eda es un lugar para desconectar, cuidarte y sentirte renovada.<\/li>\n<\/ol>\n\n<h2 class=\"wp-block-heading\">Nuestro Equipo<\/h2>\n\n<p><br \/>Estamos formadas por un equipo de expertas estilistas con a\u00f1os de experiencia en el sector. Desde cortes cl\u00e1sicos hasta cambios de look radicales, estamos aqu\u00ed para asesorarte y brindarte los mejores resultados.<\/p>\n\n<blockquote class=\"wp-block-quote is-layout-flow wp-block-quote-is-layout-flow\">\n<p>\u201cTu confianza es nuestra mayor recompensa. Trabajamos cada d\u00eda para estar a la altura de tus expectativas.\u201d<\/p>\n<\/blockquote>\n<hr class=\"wp-block-separator has-alpha-channel-opacity\" \/>\n<h2 class=\"wp-block-heading\">Nuestra filosof\u00eda<\/h2>\n\n<p><br \/>Creemos en la importancia de cuidar tu imagen y tu bienestar. Cada detalle en nuestro sal\u00f3n est\u00e1 pensado para que vivas una experiencia relajante, desde el primer momento que cruzas nuestras puertas.<\/p>\n\n<p>D\u00e9janos ser parte de tu rutina de cuidado y bienestar. Aqu\u00ed, no solo transformamos tu cabello, sino que tambi\u00e9n cuidamos de tu confianza, tu tranquilidad y tu esencia.<\/p>\n\n<h2 class=\"wp-block-heading\"><strong>Nuestros servicios m\u00e1s destacados<\/strong><\/h2>\n\n<ul class=\"wp-block-list\">\n<li><strong>Coloraci\u00f3n y mechas personalizadas:<\/strong>\u00a0coloraciones sin amoniaco, balayage, babylights y mucho m\u00e1s para un look \u00fanico.<\/li>\n\n<li><strong>Corte y estilismo:<\/strong>\u00a0Desde tendencias modernas hasta estilos cl\u00e1sicos.<\/li>\n\n<li><strong>Tratamientos capilares:<\/strong>\u00a0Queremos que tu cabello est\u00e9 tan sano como bonito.<\/li>\n\n<li><strong>Maquillaje profesional:<\/strong>\u00a0Perfecto para tus eventos m\u00e1s especiales.<\/li>\n<\/ul>\n\n<p><strong>\u00a1<a href=\"https:\/\/peluqueriamariajose.com\/index.php\/contactanos\/\">Ven<\/a> y conoce m\u00e1s sobre nosotras!<\/strong><br \/>D\u00e9janos ser parte de tu transformaci\u00f3n. Reserva tu cita y vive una experiencia \u00fanica.<\/p>\n\n<div class=\"wp-block-columns alignwide has-white-color has-black-background-color has-text-color has-background is-layout-flex wp-container-core-columns-is-layout-2 wp-block-columns-is-layout-flex\">\n<div class=\"wp-block-column is-layout-flow wp-block-column-is-layout-flow\">\n<figure class=\"wp-block-image size-large\"><img decoding=\"async\" class=\"alignnone wp-image-327\" src=\"https:\/\/peluqueriamariajose.com\/wp-content\/uploads\/2022\/05\/IMG_3583-min-1-1024x683.jpg\" alt=\"sobre_nosotras\" width=\"1024\" height=\"683\" srcset=\"https:\/\/peluqueriamariajose.com\/wp-content\/uploads\/2022\/05\/IMG_3583-min-1-1024x683.jpg 1024w, https:\/\/peluqueriamariajose.com\/wp-content\/uploads\/2022\/05\/IMG_3583-min-1-300x200.jpg 300w, https:\/\/peluqueriamariajose.com\/wp-content\/uploads\/2022\/05\/IMG_3583-min-1-768x512.jpg 768w, https:\/\/peluqueriamariajose.com\/wp-content\/uploads\/2022\/05\/IMG_3583-min-1-1536x1024.jpg 1536w, https:\/\/peluqueriamariajose.com\/wp-content\/uploads\/2022\/05\/IMG_3583-min-1-2048x1365.jpg 2048w, https:\/\/peluqueriamariajose.com\/wp-content\/uploads\/2022\/05\/IMG_3583-min-1-2000x1333.jpg 2000w, https:\/\/peluqueriamariajose.com\/wp-content\/uploads\/2022\/05\/IMG_3583-min-1-scaled-600x400.jpg 600w, https:\/\/peluqueriamariajose.com\/wp-content\/uploads\/2022\/05\/IMG_3583-min-1-scaled-1200x800.jpg 1200w\" sizes=\"(max-width: 1024px) 100vw, 1024px\" \/><\/figure>\n\n<figure class=\"wp-block-image size-large\"><img decoding=\"async\" class=\"alignnone wp-image-662\" src=\"https:\/\/peluqueriamariajose.com\/wp-content\/uploads\/2024\/02\/D87F3C56-68D1-4801-AD74-A8C057DF19D4-683x1024.jpeg\" alt=\"sobre_nosotras\" width=\"683\" height=\"1024\" srcset=\"https:\/\/peluqueriamariajose.com\/wp-content\/uploads\/2024\/02\/D87F3C56-68D1-4801-AD74-A8C057DF19D4-683x1024.jpeg 683w, https:\/\/peluqueriamariajose.com\/wp-content\/uploads\/2024\/02\/D87F3C56-68D1-4801-AD74-A8C057DF19D4-200x300.jpeg 200w, https:\/\/peluqueriamariajose.com\/wp-content\/uploads\/2024\/02\/D87F3C56-68D1-4801-AD74-A8C057DF19D4-2000x3001.jpeg 2000w, https:\/\/peluqueriamariajose.com\/wp-content\/uploads\/2024\/02\/D87F3C56-68D1-4801-AD74-A8C057DF19D4-scaled.jpeg 1706w\" sizes=\"(max-width: 683px) 100vw, 683px\" \/><\/figure>\n\n<p class=\"has-black-color has-text-color has-medium-font-size\">\u00a0<\/p>\n<\/div>\n\n<div class=\"wp-block-column is-layout-flow wp-block-column-is-layout-flow\">\n<figure class=\"wp-block-image size-large\"><img loading=\"lazy\" decoding=\"async\" class=\"alignnone wp-image-656\" src=\"https:\/\/peluqueriamariajose.com\/wp-content\/uploads\/2024\/02\/77D63798-40A3-4F92-A1D8-3EE6EA86E5C2-1024x683.jpeg\" alt=\"sobre_nosotras\" width=\"1024\" height=\"683\" srcset=\"https:\/\/peluqueriamariajose.com\/wp-content\/uploads\/2024\/02\/77D63798-40A3-4F92-A1D8-3EE6EA86E5C2-1024x683.jpeg 1024w, https:\/\/peluqueriamariajose.com\/wp-content\/uploads\/2024\/02\/77D63798-40A3-4F92-A1D8-3EE6EA86E5C2-300x200.jpeg 300w, https:\/\/peluqueriamariajose.com\/wp-content\/uploads\/2024\/02\/77D63798-40A3-4F92-A1D8-3EE6EA86E5C2-2000x1333.jpeg 2000w, https:\/\/peluqueriamariajose.com\/wp-content\/uploads\/2024\/02\/77D63798-40A3-4F92-A1D8-3EE6EA86E5C2-600x400.jpeg 600w, https:\/\/peluqueriamariajose.com\/wp-content\/uploads\/2024\/02\/77D63798-40A3-4F92-A1D8-3EE6EA86E5C2-1200x800.jpeg 1200w\" sizes=\"(max-width: 1024px) 100vw, 1024px\" \/>\n<figcaption class=\"wp-element-caption\">sal\u00f3n<\/figcaption>\n<\/figure>\n\n<figure class=\"wp-block-gallery has-nested-images columns-default is-cropped wp-block-gallery-2 is-layout-flex wp-block-gallery-is-layout-flex\">\n<figure class=\"wp-block-image size-large\"><img loading=\"lazy\" decoding=\"async\" class=\"alignnone wp-image-563\" src=\"https:\/\/peluqueriamariajose.com\/wp-content\/uploads\/2023\/04\/IMG_8139-683x1024.jpg\" alt=\"sobre_nosotras\" width=\"683\" height=\"1024\" srcset=\"https:\/\/peluqueriamariajose.com\/wp-content\/uploads\/2023\/04\/IMG_8139-683x1024.jpg 683w, https:\/\/peluqueriamariajose.com\/wp-content\/uploads\/2023\/04\/IMG_8139-200x300.jpg 200w, https:\/\/peluqueriamariajose.com\/wp-content\/uploads\/2023\/04\/IMG_8139-768x1152.jpg 768w, https:\/\/peluqueriamariajose.com\/wp-content\/uploads\/2023\/04\/IMG_8139-1024x1536.jpg 1024w, https:\/\/peluqueriamariajose.com\/wp-content\/uploads\/2023\/04\/IMG_8139-1365x2048.jpg 1365w, https:\/\/peluqueriamariajose.com\/wp-content\/uploads\/2023\/04\/IMG_8139-2000x3000.jpg 2000w, https:\/\/peluqueriamariajose.com\/wp-content\/uploads\/2023\/04\/IMG_8139-600x900.jpg 600w, https:\/\/peluqueriamariajose.com\/wp-content\/uploads\/2023\/04\/IMG_8139-scaled.jpg 1707w\" sizes=\"(max-width: 683px) 100vw, 683px\" \/><\/figure>\n<\/figure>\n<\/div>\n\n<div class=\"wp-block-column is-layout-flow wp-block-column-is-layout-flow\">\n<figure class=\"wp-block-image size-large\"><img loading=\"lazy\" decoding=\"async\" class=\"alignnone wp-image-672\" src=\"https:\/\/peluqueriamariajose.com\/wp-content\/uploads\/2024\/02\/WhatsApp-Image-2024-02-18-at-18.22.12-1024x683.jpeg\" alt=\"sobre_nosotras\" width=\"1024\" height=\"683\" srcset=\"https:\/\/peluqueriamariajose.com\/wp-content\/uploads\/2024\/02\/WhatsApp-Image-2024-02-18-at-18.22.12-1024x683.jpeg 1024w, https:\/\/peluqueriamariajose.com\/wp-content\/uploads\/2024\/02\/WhatsApp-Image-2024-02-18-at-18.22.12-300x200.jpeg 300w, https:\/\/peluqueriamariajose.com\/wp-content\/uploads\/2024\/02\/WhatsApp-Image-2024-02-18-at-18.22.12-2000x1333.jpeg 2000w, https:\/\/peluqueriamariajose.com\/wp-content\/uploads\/2024\/02\/WhatsApp-Image-2024-02-18-at-18.22.12-600x400.jpeg 600w, https:\/\/peluqueriamariajose.com\/wp-content\/uploads\/2024\/02\/WhatsApp-Image-2024-02-18-at-18.22.12-1200x800.jpeg 1200w, https:\/\/peluqueriamariajose.com\/wp-content\/uploads\/2024\/02\/WhatsApp-Image-2024-02-18-at-18.22.12.jpeg 2048w\" sizes=\"(max-width: 1024px) 100vw, 1024px\" \/><\/figure>\n\n<figure class=\"wp-block-image size-large\"><img loading=\"lazy\" decoding=\"async\" class=\"alignnone wp-image-654\" src=\"https:\/\/peluqueriamariajose.com\/wp-content\/uploads\/2024\/02\/8E9324F1-A4C5-45AC-BCF6-07A91914E1D1-768x1024.jpeg\" alt=\"sobre_nosotras\" width=\"768\" height=\"1024\" srcset=\"https:\/\/peluqueriamariajose.com\/wp-content\/uploads\/2024\/02\/8E9324F1-A4C5-45AC-BCF6-07A91914E1D1-768x1024.jpeg 768w, https:\/\/peluqueriamariajose.com\/wp-content\/uploads\/2024\/02\/8E9324F1-A4C5-45AC-BCF6-07A91914E1D1-225x300.jpeg 225w, https:\/\/peluqueriamariajose.com\/wp-content\/uploads\/2024\/02\/8E9324F1-A4C5-45AC-BCF6-07A91914E1D1-2000x2667.jpeg 2000w, https:\/\/peluqueriamariajose.com\/wp-content\/uploads\/2024\/02\/8E9324F1-A4C5-45AC-BCF6-07A91914E1D1-scaled-1152x1536.jpeg 1152w, https:\/\/peluqueriamariajose.com\/wp-content\/uploads\/2024\/02\/8E9324F1-A4C5-45AC-BCF6-07A91914E1D1-scaled-1536x2048.jpeg 1536w, https:\/\/peluqueriamariajose.com\/wp-content\/uploads\/2024\/02\/8E9324F1-A4C5-45AC-BCF6-07A91914E1D1-scaled-600x800.jpeg 600w, https:\/\/peluqueriamariajose.com\/wp-content\/uploads\/2024\/02\/8E9324F1-A4C5-45AC-BCF6-07A91914E1D1-scaled-1200x1600.jpeg 1200w, https:\/\/peluqueriamariajose.com\/wp-content\/uploads\/2024\/02\/8E9324F1-A4C5-45AC-BCF6-07A91914E1D1-scaled.jpeg 1920w\" sizes=\"(max-width: 768px) 100vw, 768px\" \/><\/figure>\n<\/div>\n<\/div>\n\t\t\t\t\t\t\t\t<\/div>\n\t\t\t\t<\/div>\n\t\t\t\t\t<\/div>\n\t\t\t\t<\/div>\n\t\t\t\t<\/div>\n\t\t","protected":false},"excerpt":{"rendered":"<p>En\u00a0Peluquer\u00eda M\u00aa Jos\u00e9\u00a0llevamos a\u00f1os dedic\u00e1ndonos a resaltar la belleza \u00fanica de cada cliente. Somos m\u00e1s que un sal\u00f3n de peluquer\u00eda: somos un espacio donde la creatividad, el profesionalismo y el cuidado personalizado convergen para ofrecerte una experiencia excepcional. \u00a1Conoce m\u00e1s sobre nosotras! Nuestro equipo est\u00e1 compuesto por estilistas apasionadas que se mantienen siempre a la &hellip; <\/p>\n<p class=\"link-more\"><a href=\"https:\/\/peluqueriamariajose.com\/index.php\/sobre-nosotras\/\" class=\"more-link\">Leer m\u00e1s<span class=\"screen-reader-text\"> \u00abSobre Nosotras\u00bb<\/span><\/a><\/p>\n","protected":false},"author":1,"featured_media":0,"parent":0,"menu_order":0,"comment_status":"closed","ping_status":"closed","template":"","meta":{"_uf_show_specific_survey":0,"_uf_disable_surveys":false,"_background_id":0,"_xo_background":[],"_joinchat":[],"footnotes":""},"class_list":["post-14","page","type-page","status-publish","hentry"],"yoast_head":"<!-- This site is optimized with the Yoast SEO plugin v24.2 - https:\/\/yoast.com\/wordpress\/plugins\/seo\/ -->\n<title>Sobre Nosotras - M\u00aaJos\u00e9 S\u00e1nchez Peluquer\u00eda y Est\u00e9tica<\/title>\n<meta name=\"description\" content=\"Con pasi\u00f3n y profesionalismo, transformamos tu imagen en un espacio dise\u00f1ado para tu bienestar. \u00a1Descubre m\u00e1s sobre nosotras!\" \/>\n<meta name=\"robots\" content=\"index, follow, max-snippet:-1, max-image-preview:large, max-video-preview:-1\" \/>\n<link rel=\"canonical\" href=\"https:\/\/peluqueriamariajose.com\/index.php\/sobre-nosotras\/\" \/>\n<meta property=\"og:locale\" content=\"es_ES\" \/>\n<meta property=\"og:type\" content=\"article\" \/>\n<meta property=\"og:title\" content=\"Sobre Nosotras - M\u00aaJos\u00e9 S\u00e1nchez Peluquer\u00eda y Est\u00e9tica\" \/>\n<meta property=\"og:description\" content=\"Con pasi\u00f3n y profesionalismo, transformamos tu imagen en un espacio dise\u00f1ado para tu bienestar. \u00a1Descubre m\u00e1s sobre nosotras!\" \/>\n<meta property=\"og:url\" content=\"https:\/\/peluqueriamariajose.com\/index.php\/sobre-nosotras\/\" \/>\n<meta property=\"og:site_name\" content=\"M\u00aaJos\u00e9 S\u00e1nchez Peluquer\u00eda y Est\u00e9tica\" \/>\n<meta property=\"article:publisher\" content=\"https:\/\/www.facebook.com\/peluqueriamariajosesanchez\/?locale=es_ES\" \/>\n<meta property=\"article:modified_time\" content=\"2025-02-07T16:32:12+00:00\" \/>\n<meta property=\"og:image\" content=\"https:\/\/peluqueriamariajose.com\/wp-content\/uploads\/2024\/02\/1CE289E9-992F-4BDC-9B25-34503FEDD420-scaled.jpeg\" \/>\n\t<meta property=\"og:image:width\" content=\"2560\" \/>\n\t<meta property=\"og:image:height\" content=\"1706\" \/>\n\t<meta property=\"og:image:type\" content=\"image\/jpeg\" \/>\n<meta name=\"twitter:card\" content=\"summary_large_image\" \/>\n<meta name=\"twitter:label1\" content=\"Tiempo de lectura\" \/>\n\t<meta name=\"twitter:data1\" content=\"3 minutos\" \/>\n<script type=\"application\/ld+json\" class=\"yoast-schema-graph\">{\"@context\":\"https:\/\/schema.org\",\"@graph\":[{\"@type\":\"WebPage\",\"@id\":\"https:\/\/peluqueriamariajose.com\/index.php\/sobre-nosotras\/\",\"url\":\"https:\/\/peluqueriamariajose.com\/index.php\/sobre-nosotras\/\",\"name\":\"Sobre Nosotras - M\u00aaJos\u00e9 S\u00e1nchez Peluquer\u00eda y Est\u00e9tica\",\"isPartOf\":{\"@id\":\"https:\/\/peluqueriamariajose.com\/#website\"},\"primaryImageOfPage\":{\"@id\":\"https:\/\/peluqueriamariajose.com\/index.php\/sobre-nosotras\/#primaryimage\"},\"image\":{\"@id\":\"https:\/\/peluqueriamariajose.com\/index.php\/sobre-nosotras\/#primaryimage\"},\"thumbnailUrl\":\"https:\/\/peluqueriamariajose.com\/wp-content\/uploads\/2024\/02\/1CE289E9-992F-4BDC-9B25-34503FEDD420-scaled.jpeg\",\"datePublished\":\"2022-04-13T08:48:37+00:00\",\"dateModified\":\"2025-02-07T16:32:12+00:00\",\"description\":\"Con pasi\u00f3n y profesionalismo, transformamos tu imagen en un espacio dise\u00f1ado para tu bienestar. \u00a1Descubre m\u00e1s sobre nosotras!\",\"breadcrumb\":{\"@id\":\"https:\/\/peluqueriamariajose.com\/index.php\/sobre-nosotras\/#breadcrumb\"},\"inLanguage\":\"es\",\"potentialAction\":[{\"@type\":\"ReadAction\",\"target\":[\"https:\/\/peluqueriamariajose.com\/index.php\/sobre-nosotras\/\"]}]},{\"@type\":\"ImageObject\",\"inLanguage\":\"es\",\"@id\":\"https:\/\/peluqueriamariajose.com\/index.php\/sobre-nosotras\/#primaryimage\",\"url\":\"https:\/\/peluqueriamariajose.com\/wp-content\/uploads\/2024\/02\/1CE289E9-992F-4BDC-9B25-34503FEDD420-scaled.jpeg\",\"contentUrl\":\"https:\/\/peluqueriamariajose.com\/wp-content\/uploads\/2024\/02\/1CE289E9-992F-4BDC-9B25-34503FEDD420-scaled.jpeg\",\"width\":2560,\"height\":1706,\"caption\":\"sal\u00f3n de peluquer\u00eda\"},{\"@type\":\"BreadcrumbList\",\"@id\":\"https:\/\/peluqueriamariajose.com\/index.php\/sobre-nosotras\/#breadcrumb\",\"itemListElement\":[{\"@type\":\"ListItem\",\"position\":1,\"name\":\"Portada\",\"item\":\"https:\/\/peluqueriamariajose.com\/\"},{\"@type\":\"ListItem\",\"position\":2,\"name\":\"Sobre Nosotras\"}]},{\"@type\":\"WebSite\",\"@id\":\"https:\/\/peluqueriamariajose.com\/#website\",\"url\":\"https:\/\/peluqueriamariajose.com\/\",\"name\":\"M\u00aaJos\u00e9 S\u00e1nchez Peluquer\u00eda y Est\u00e9tica\",\"description\":\"Sal\u00f3n de peluquer\u00eda y est\u00e9tica en Murcia\",\"publisher\":{\"@id\":\"https:\/\/peluqueriamariajose.com\/#organization\"},\"potentialAction\":[{\"@type\":\"SearchAction\",\"target\":{\"@type\":\"EntryPoint\",\"urlTemplate\":\"https:\/\/peluqueriamariajose.com\/?s={search_term_string}\"},\"query-input\":{\"@type\":\"PropertyValueSpecification\",\"valueRequired\":true,\"valueName\":\"search_term_string\"}}],\"inLanguage\":\"es\"},{\"@type\":\"Organization\",\"@id\":\"https:\/\/peluqueriamariajose.com\/#organization\",\"name\":\"M\u00aaJos\u00e9 S\u00e1nchez Peluquer\u00eda y Est\u00e9tica\",\"url\":\"https:\/\/peluqueriamariajose.com\/\",\"logo\":{\"@type\":\"ImageObject\",\"inLanguage\":\"es\",\"@id\":\"https:\/\/peluqueriamariajose.com\/#\/schema\/logo\/image\/\",\"url\":\"https:\/\/peluqueriamariajose.com\/wp-content\/uploads\/2022\/04\/cropped-Logo1-3.png\",\"contentUrl\":\"https:\/\/peluqueriamariajose.com\/wp-content\/uploads\/2022\/04\/cropped-Logo1-3.png\",\"width\":1279,\"height\":371,\"caption\":\"M\u00aaJos\u00e9 S\u00e1nchez Peluquer\u00eda y Est\u00e9tica\"},\"image\":{\"@id\":\"https:\/\/peluqueriamariajose.com\/#\/schema\/logo\/image\/\"},\"sameAs\":[\"https:\/\/www.facebook.com\/peluqueriamariajosesanchez\/?locale=es_ES\",\"https:\/\/www.instagram.com\/peluqueriamariajosesanchez\/\"]}]}<\/script>\n<!-- \/ Yoast SEO plugin. -->","yoast_head_json":{"title":"Sobre Nosotras - M\u00aaJos\u00e9 S\u00e1nchez Peluquer\u00eda y Est\u00e9tica","description":"Con pasi\u00f3n y profesionalismo, transformamos tu imagen en un espacio dise\u00f1ado para tu bienestar. \u00a1Descubre m\u00e1s sobre nosotras!","robots":{"index":"index","follow":"follow","max-snippet":"max-snippet:-1","max-image-preview":"max-image-preview:large","max-video-preview":"max-video-preview:-1"},"canonical":"https:\/\/peluqueriamariajose.com\/index.php\/sobre-nosotras\/","og_locale":"es_ES","og_type":"article","og_title":"Sobre Nosotras - M\u00aaJos\u00e9 S\u00e1nchez Peluquer\u00eda y Est\u00e9tica","og_description":"Con pasi\u00f3n y profesionalismo, transformamos tu imagen en un espacio dise\u00f1ado para tu bienestar. \u00a1Descubre m\u00e1s sobre nosotras!","og_url":"https:\/\/peluqueriamariajose.com\/index.php\/sobre-nosotras\/","og_site_name":"M\u00aaJos\u00e9 S\u00e1nchez Peluquer\u00eda y Est\u00e9tica","article_publisher":"https:\/\/www.facebook.com\/peluqueriamariajosesanchez\/?locale=es_ES","article_modified_time":"2025-02-07T16:32:12+00:00","og_image":[{"width":2560,"height":1706,"url":"https:\/\/peluqueriamariajose.com\/wp-content\/uploads\/2024\/02\/1CE289E9-992F-4BDC-9B25-34503FEDD420-scaled.jpeg","type":"image\/jpeg"}],"twitter_card":"summary_large_image","twitter_misc":{"Tiempo de lectura":"3 minutos"},"schema":{"@context":"https:\/\/schema.org","@graph":[{"@type":"WebPage","@id":"https:\/\/peluqueriamariajose.com\/index.php\/sobre-nosotras\/","url":"https:\/\/peluqueriamariajose.com\/index.php\/sobre-nosotras\/","name":"Sobre Nosotras - M\u00aaJos\u00e9 S\u00e1nchez Peluquer\u00eda y Est\u00e9tica","isPartOf":{"@id":"https:\/\/peluqueriamariajose.com\/#website"},"primaryImageOfPage":{"@id":"https:\/\/peluqueriamariajose.com\/index.php\/sobre-nosotras\/#primaryimage"},"image":{"@id":"https:\/\/peluqueriamariajose.com\/index.php\/sobre-nosotras\/#primaryimage"},"thumbnailUrl":"https:\/\/peluqueriamariajose.com\/wp-content\/uploads\/2024\/02\/1CE289E9-992F-4BDC-9B25-34503FEDD420-scaled.jpeg","datePublished":"2022-04-13T08:48:37+00:00","dateModified":"2025-02-07T16:32:12+00:00","description":"Con pasi\u00f3n y profesionalismo, transformamos tu imagen en un espacio dise\u00f1ado para tu bienestar. \u00a1Descubre m\u00e1s sobre nosotras!","breadcrumb":{"@id":"https:\/\/peluqueriamariajose.com\/index.php\/sobre-nosotras\/#breadcrumb"},"inLanguage":"es","potentialAction":[{"@type":"ReadAction","target":["https:\/\/peluqueriamariajose.com\/index.php\/sobre-nosotras\/"]}]},{"@type":"ImageObject","inLanguage":"es","@id":"https:\/\/peluqueriamariajose.com\/index.php\/sobre-nosotras\/#primaryimage","url":"https:\/\/peluqueriamariajose.com\/wp-content\/uploads\/2024\/02\/1CE289E9-992F-4BDC-9B25-34503FEDD420-scaled.jpeg","contentUrl":"https:\/\/peluqueriamariajose.com\/wp-content\/uploads\/2024\/02\/1CE289E9-992F-4BDC-9B25-34503FEDD420-scaled.jpeg","width":2560,"height":1706,"caption":"sal\u00f3n de peluquer\u00eda"},{"@type":"BreadcrumbList","@id":"https:\/\/peluqueriamariajose.com\/index.php\/sobre-nosotras\/#breadcrumb","itemListElement":[{"@type":"ListItem","position":1,"name":"Portada","item":"https:\/\/peluqueriamariajose.com\/"},{"@type":"ListItem","position":2,"name":"Sobre Nosotras"}]},{"@type":"WebSite","@id":"https:\/\/peluqueriamariajose.com\/#website","url":"https:\/\/peluqueriamariajose.com\/","name":"M\u00aaJos\u00e9 S\u00e1nchez Peluquer\u00eda y Est\u00e9tica","description":"Sal\u00f3n de peluquer\u00eda y est\u00e9tica en Murcia","publisher":{"@id":"https:\/\/peluqueriamariajose.com\/#organization"},"potentialAction":[{"@type":"SearchAction","target":{"@type":"EntryPoint","urlTemplate":"https:\/\/peluqueriamariajose.com\/?s={search_term_string}"},"query-input":{"@type":"PropertyValueSpecification","valueRequired":true,"valueName":"search_term_string"}}],"inLanguage":"es"},{"@type":"Organization","@id":"https:\/\/peluqueriamariajose.com\/#organization","name":"M\u00aaJos\u00e9 S\u00e1nchez Peluquer\u00eda y Est\u00e9tica","url":"https:\/\/peluqueriamariajose.com\/","logo":{"@type":"ImageObject","inLanguage":"es","@id":"https:\/\/peluqueriamariajose.com\/#\/schema\/logo\/image\/","url":"https:\/\/peluqueriamariajose.com\/wp-content\/uploads\/2022\/04\/cropped-Logo1-3.png","contentUrl":"https:\/\/peluqueriamariajose.com\/wp-content\/uploads\/2022\/04\/cropped-Logo1-3.png","width":1279,"height":371,"caption":"M\u00aaJos\u00e9 S\u00e1nchez Peluquer\u00eda y Est\u00e9tica"},"image":{"@id":"https:\/\/peluqueriamariajose.com\/#\/schema\/logo\/image\/"},"sameAs":["https:\/\/www.facebook.com\/peluqueriamariajosesanchez\/?locale=es_ES","https:\/\/www.instagram.com\/peluqueriamariajosesanchez\/"]}]}},"featured_media_urls":[],"_links":{"self":[{"href":"https:\/\/peluqueriamariajose.com\/index.php\/wp-json\/wp\/v2\/pages\/14","targetHints":{"allow":["GET"]}}],"collection":[{"href":"https:\/\/peluqueriamariajose.com\/index.php\/wp-json\/wp\/v2\/pages"}],"about":[{"href":"https:\/\/peluqueriamariajose.com\/index.php\/wp-json\/wp\/v2\/types\/page"}],"author":[{"embeddable":true,"href":"https:\/\/peluqueriamariajose.com\/index.php\/wp-json\/wp\/v2\/users\/1"}],"replies":[{"embeddable":true,"href":"https:\/\/peluqueriamariajose.com\/index.php\/wp-json\/wp\/v2\/comments?post=14"}],"version-history":[{"count":30,"href":"https:\/\/peluqueriamariajose.com\/index.php\/wp-json\/wp\/v2\/pages\/14\/revisions"}],"predecessor-version":[{"id":908,"href":"https:\/\/peluqueriamariajose.com\/index.php\/wp-json\/wp\/v2\/pages\/14\/revisions\/908"}],"wp:attachment":[{"href":"https:\/\/peluqueriamariajose.com\/index.php\/wp-json\/wp\/v2\/media?parent=14"}],"curies":[{"name":"wp","href":"https:\/\/api.w.org\/{rel}","templated":true}]}}